{"id":60,"date":"2014-03-01T23:36:04","date_gmt":"2014-03-01T23:36:04","guid":{"rendered":"http:\/\/thumpermassager.com\/?page_id=60"},"modified":"2022-09-07T15:54:38","modified_gmt":"2022-09-07T13:54:38","slug":"mini-pro","status":"publish","type":"page","link":"https:\/\/www.thumpermassager.de\/en\/massagers\/mini-pro\/","title":{"rendered":"Mini Pro"},"content":{"rendered":"<p><span style=\"color: #999999;\"><strong><span style=\"font-size: 48px; font-family: tahoma, arial, helvetica, sans-serif;\">mini <span style=\"color: #003865;\">p<\/span>ro massager<\/span><\/strong><\/span><\/p>","protected":false},"excerpt":{"rendered":"<p>mini pro massager<\/p>\n","protected":false},"author":6,"featured_media":0,"parent":16,"menu_order":10,"comment_status":"closed","ping_status":"closed","template":"","meta":{"footnotes":""},"acf":[],"yoast_head":"<!-- This site is optimized with the Yoast SEO plugin v17.8 - https:\/\/yoast.com\/wordpress\/plugins\/seo\/ -->\n<meta name=\"description\" content=\"Das Mini Pro ist ein Massageger\u00e4t mit robustem und dauerhaften Bau, entwickelt f\u00fcr hochbeanspruchender Anwendung. Das bew\u00e4hrte Thumper\u00ae-Antriebsystem...\" \/>\n<meta name=\"robots\" content=\"index, follow, max-snippet:-1, max-image-preview:large, max-video-preview:-1\" \/>\n<link rel=\"canonical\" href=\"https:\/\/www.thumpermassager.de\/massagers\/mini-pro\/\" \/>\n<meta property=\"og:locale\" content=\"en_US\" \/>\n<meta property=\"og:type\" content=\"article\" \/>\n<meta property=\"og:title\" content=\"Mini Pro - Thumper\u00ae Massagers - Hand Held Massager\" \/>\n<meta property=\"og:description\" content=\"Das Mini Pro ist ein Massageger\u00e4t mit robustem und dauerhaften Bau, entwickelt f\u00fcr hochbeanspruchender Anwendung. Das bew\u00e4hrte Thumper\u00ae-Antriebsystem...\" \/>\n<meta property=\"og:url\" content=\"https:\/\/www.thumpermassager.de\/massagers\/mini-pro\/\" \/>\n<meta property=\"og:site_name\" content=\"Thumper Massager\" \/>\n<meta property=\"article:modified_time\" content=\"2022-09-07T13:54:38+00:00\" \/>\n<meta name=\"twitter:card\" content=\"summary_large_image\" \/>\n<script type=\"application\/ld+json\" class=\"yoast-schema-graph\">{\"@context\":\"https:\/\/schema.org\",\"@graph\":[{\"@type\":\"WebSite\",\"@id\":\"https:\/\/www.thumpermassager.de\/#website\",\"url\":\"https:\/\/www.thumpermassager.de\/\",\"name\":\"Thumper Massager\",\"description\":\"Official Thumper Massager Site\",\"potentialAction\":[{\"@type\":\"SearchAction\",\"target\":{\"@type\":\"EntryPoint\",\"urlTemplate\":\"https:\/\/www.thumpermassager.de\/?s={search_term_string}\"},\"query-input\":\"required name=search_term_string\"}],\"inLanguage\":\"en-US\"},{\"@type\":\"WebPage\",\"@id\":\"https:\/\/www.thumpermassager.de\/massagers\/mini-pro\/#webpage\",\"url\":\"https:\/\/www.thumpermassager.de\/massagers\/mini-pro\/\",\"name\":\"Mini Pro - Thumper\\u00ae Massagers - Hand Held Massager\",\"isPartOf\":{\"@id\":\"https:\/\/www.thumpermassager.de\/#website\"},\"datePublished\":\"2014-03-01T23:36:04+00:00\",\"dateModified\":\"2022-09-07T13:54:38+00:00\",\"description\":\"Das Mini Pro ist ein Massageger\\u00e4t mit robustem und dauerhaften Bau, entwickelt f\\u00fcr hochbeanspruchender Anwendung. Das bew\\u00e4hrte Thumper\\u00ae-Antriebsystem...\",\"breadcrumb\":{\"@id\":\"https:\/\/www.thumpermassager.de\/massagers\/mini-pro\/#breadcrumb\"},\"inLanguage\":\"en-US\",\"potentialAction\":[{\"@type\":\"ReadAction\",\"target\":[\"https:\/\/www.thumpermassager.de\/massagers\/mini-pro\/\"]}]},{\"@type\":\"BreadcrumbList\",\"@id\":\"https:\/\/www.thumpermassager.de\/massagers\/mini-pro\/#breadcrumb\",\"itemListElement\":[{\"@type\":\"ListItem\",\"position\":1,\"name\":\"Home\",\"item\":\"https:\/\/www.thumpermassager.de\/\"},{\"@type\":\"ListItem\",\"position\":2,\"name\":\"massageger\\u00e4te\",\"item\":\"https:\/\/www.thumpermassager.de\/massagers\/\"},{\"@type\":\"ListItem\",\"position\":3,\"name\":\"Mini Pro\"}]}]}<\/script>\n<!-- \/ Yoast SEO plugin. -->","yoast_head_json":{"description":"Das Mini Pro ist ein Massageger\u00e4t mit robustem und dauerhaften Bau, entwickelt f\u00fcr hochbeanspruchender Anwendung. Das bew\u00e4hrte Thumper\u00ae-Antriebsystem...","robots":{"index":"index","follow":"follow","max-snippet":"max-snippet:-1","max-image-preview":"max-image-preview:large","max-video-preview":"max-video-preview:-1"},"canonical":"https:\/\/www.thumpermassager.de\/massagers\/mini-pro\/","og_locale":"en_US","og_type":"article","og_title":"Mini Pro - Thumper\u00ae Massagers - Hand Held Massager","og_description":"Das Mini Pro ist ein Massageger\u00e4t mit robustem und dauerhaften Bau, entwickelt f\u00fcr hochbeanspruchender Anwendung. Das bew\u00e4hrte Thumper\u00ae-Antriebsystem...","og_url":"https:\/\/www.thumpermassager.de\/massagers\/mini-pro\/","og_site_name":"Thumper Massager","article_modified_time":"2022-09-07T13:54:38+00:00","twitter_card":"summary_large_image","schema":{"@context":"https:\/\/schema.org","@graph":[{"@type":"WebSite","@id":"https:\/\/www.thumpermassager.de\/#website","url":"https:\/\/www.thumpermassager.de\/","name":"Thumper Massager","description":"Official Thumper Massager Site","potentialAction":[{"@type":"SearchAction","target":{"@type":"EntryPoint","urlTemplate":"https:\/\/www.thumpermassager.de\/?s={search_term_string}"},"query-input":"required name=search_term_string"}],"inLanguage":"en-US"},{"@type":"WebPage","@id":"https:\/\/www.thumpermassager.de\/massagers\/mini-pro\/#webpage","url":"https:\/\/www.thumpermassager.de\/massagers\/mini-pro\/","name":"Mini Pro - Thumper\u00ae Massagers - Hand Held Massager","isPartOf":{"@id":"https:\/\/www.thumpermassager.de\/#website"},"datePublished":"2014-03-01T23:36:04+00:00","dateModified":"2022-09-07T13:54:38+00:00","description":"Das Mini Pro ist ein Massageger\u00e4t mit robustem und dauerhaften Bau, entwickelt f\u00fcr hochbeanspruchender Anwendung. Das bew\u00e4hrte Thumper\u00ae-Antriebsystem...","breadcrumb":{"@id":"https:\/\/www.thumpermassager.de\/massagers\/mini-pro\/#breadcrumb"},"inLanguage":"en-US","potentialAction":[{"@type":"ReadAction","target":["https:\/\/www.thumpermassager.de\/massagers\/mini-pro\/"]}]},{"@type":"BreadcrumbList","@id":"https:\/\/www.thumpermassager.de\/massagers\/mini-pro\/#breadcrumb","itemListElement":[{"@type":"ListItem","position":1,"name":"Home","item":"https:\/\/www.thumpermassager.de\/"},{"@type":"ListItem","position":2,"name":"massageger\u00e4te","item":"https:\/\/www.thumpermassager.de\/massagers\/"},{"@type":"ListItem","position":3,"name":"Mini Pro"}]}]}},"_links":{"self":[{"href":"https:\/\/www.thumpermassager.de\/en\/wp-json\/wp\/v2\/pages\/60"}],"collection":[{"href":"https:\/\/www.thumpermassager.de\/en\/wp-json\/wp\/v2\/pages"}],"about":[{"href":"https:\/\/www.thumpermassager.de\/en\/wp-json\/wp\/v2\/types\/page"}],"author":[{"embeddable":true,"href":"https:\/\/www.thumpermassager.de\/en\/wp-json\/wp\/v2\/users\/6"}],"replies":[{"embeddable":true,"href":"https:\/\/www.thumpermassager.de\/en\/wp-json\/wp\/v2\/comments?post=60"}],"version-history":[{"count":6,"href":"https:\/\/www.thumpermassager.de\/en\/wp-json\/wp\/v2\/pages\/60\/revisions"}],"predecessor-version":[{"id":6412,"href":"https:\/\/www.thumpermassager.de\/en\/wp-json\/wp\/v2\/pages\/60\/revisions\/6412"}],"up":[{"embeddable":true,"href":"https:\/\/www.thumpermassager.de\/en\/wp-json\/wp\/v2\/pages\/16"}],"wp:attachment":[{"href":"https:\/\/www.thumpermassager.de\/en\/wp-json\/wp\/v2\/media?parent=60"}],"curies":[{"name":"wp","href":"https:\/\/api.w.org\/{rel}","templated":true}]}}