{"id":1973,"date":"2018-01-29T15:45:02","date_gmt":"2018-01-29T15:45:02","guid":{"rendered":"https:\/\/www.thumpermassager.de\/?page_id=1973"},"modified":"2022-09-07T15:53:36","modified_gmt":"2022-09-07T13:53:36","slug":"thumper-verve","status":"publish","type":"page","link":"https:\/\/www.thumpermassager.de\/en\/massagers\/thumper-verve\/","title":{"rendered":"Thumper Verve"},"content":{"rendered":"<p><span style=\"color: #999999;\"><strong><span style=\"font-family: tahoma, arial, helvetica, sans-serif; font-size: 48px;\">thumper <span style=\"color: #003865;\">v<\/span>erve massager<\/span><\/strong><\/span><\/p>","protected":false},"excerpt":{"rendered":"<p>thumper verve massager<\/p>\n","protected":false},"author":6,"featured_media":0,"parent":16,"menu_order":0,"comment_status":"closed","ping_status":"closed","template":"","meta":{"footnotes":""},"acf":[],"yoast_head":"<!-- This site is optimized with the Yoast SEO plugin v17.8 - https:\/\/yoast.com\/wordpress\/plugins\/seo\/ -->\n<meta name=\"description\" content=\"Die Verve ist das neuste Mitglied in der Thumper\u00ae-Serie von Massagierger\u00e4ten. Dieses einsph\u00e4rige Massagierger\u00e4t ist perfekt f\u00fcr die Heimanwendung. Sie k\u00f6nnen es mit Pr\u00e4zision an Stellen, die Sie nur mit einem Massagierkopf erreichen k\u00f6nnen, anwenden. Lassen Sie sich nicht durch die kleine Gr\u00f6\u00dfe irref\u00fchren. Dies ist ein leistungsf\u00e4higes Ger\u00e4t von h\u00f6chster Qualit\u00e4t und doch preisg\u00fcnstig.\" \/>\n<meta name=\"robots\" content=\"index, follow, max-snippet:-1, max-image-preview:large, max-video-preview:-1\" \/>\n<link rel=\"canonical\" href=\"https:\/\/www.thumpermassager.de\/massagers\/thumper-verve\/\" \/>\n<meta property=\"og:locale\" content=\"en_US\" \/>\n<meta property=\"og:type\" content=\"article\" \/>\n<meta property=\"og:title\" content=\"Thumper Verve - Thumper Massager\" \/>\n<meta property=\"og:description\" content=\"Die Verve ist das neuste Mitglied in der Thumper\u00ae-Serie von Massagierger\u00e4ten. Dieses einsph\u00e4rige Massagierger\u00e4t ist perfekt f\u00fcr die Heimanwendung. Sie k\u00f6nnen es mit Pr\u00e4zision an Stellen, die Sie nur mit einem Massagierkopf erreichen k\u00f6nnen, anwenden. Lassen Sie sich nicht durch die kleine Gr\u00f6\u00dfe irref\u00fchren. Dies ist ein leistungsf\u00e4higes Ger\u00e4t von h\u00f6chster Qualit\u00e4t und doch preisg\u00fcnstig.\" \/>\n<meta property=\"og:url\" content=\"https:\/\/www.thumpermassager.de\/massagers\/thumper-verve\/\" \/>\n<meta property=\"og:site_name\" content=\"Thumper Massager\" \/>\n<meta property=\"article:modified_time\" content=\"2022-09-07T13:53:36+00:00\" \/>\n<meta name=\"twitter:card\" content=\"summary_large_image\" \/>\n<script type=\"application\/ld+json\" class=\"yoast-schema-graph\">{\"@context\":\"https:\/\/schema.org\",\"@graph\":[{\"@type\":\"WebSite\",\"@id\":\"https:\/\/www.thumpermassager.de\/#website\",\"url\":\"https:\/\/www.thumpermassager.de\/\",\"name\":\"Thumper Massager\",\"description\":\"Official Thumper Massager Site\",\"potentialAction\":[{\"@type\":\"SearchAction\",\"target\":{\"@type\":\"EntryPoint\",\"urlTemplate\":\"https:\/\/www.thumpermassager.de\/?s={search_term_string}\"},\"query-input\":\"required name=search_term_string\"}],\"inLanguage\":\"en-US\"},{\"@type\":\"WebPage\",\"@id\":\"https:\/\/www.thumpermassager.de\/massagers\/thumper-verve\/#webpage\",\"url\":\"https:\/\/www.thumpermassager.de\/massagers\/thumper-verve\/\",\"name\":\"Thumper Verve - Thumper Massager\",\"isPartOf\":{\"@id\":\"https:\/\/www.thumpermassager.de\/#website\"},\"datePublished\":\"2018-01-29T15:45:02+00:00\",\"dateModified\":\"2022-09-07T13:53:36+00:00\",\"description\":\"Die Verve ist das neuste Mitglied in der Thumper\\u00ae-Serie von Massagierger\\u00e4ten. Dieses einsph\\u00e4rige Massagierger\\u00e4t ist perfekt f\\u00fcr die Heimanwendung. Sie k\\u00f6nnen es mit Pr\\u00e4zision an Stellen, die Sie nur mit einem Massagierkopf erreichen k\\u00f6nnen, anwenden. Lassen Sie sich nicht durch die kleine Gr\\u00f6\\u00dfe irref\\u00fchren. Dies ist ein leistungsf\\u00e4higes Ger\\u00e4t von h\\u00f6chster Qualit\\u00e4t und doch preisg\\u00fcnstig.\",\"breadcrumb\":{\"@id\":\"https:\/\/www.thumpermassager.de\/massagers\/thumper-verve\/#breadcrumb\"},\"inLanguage\":\"en-US\",\"potentialAction\":[{\"@type\":\"ReadAction\",\"target\":[\"https:\/\/www.thumpermassager.de\/massagers\/thumper-verve\/\"]}]},{\"@type\":\"BreadcrumbList\",\"@id\":\"https:\/\/www.thumpermassager.de\/massagers\/thumper-verve\/#breadcrumb\",\"itemListElement\":[{\"@type\":\"ListItem\",\"position\":1,\"name\":\"Home\",\"item\":\"https:\/\/www.thumpermassager.de\/\"},{\"@type\":\"ListItem\",\"position\":2,\"name\":\"massageger\\u00e4te\",\"item\":\"https:\/\/www.thumpermassager.de\/massagers\/\"},{\"@type\":\"ListItem\",\"position\":3,\"name\":\"Thumper Verve\"}]}]}<\/script>\n<!-- \/ Yoast SEO plugin. -->","yoast_head_json":{"description":"Die Verve ist das neuste Mitglied in der Thumper\u00ae-Serie von Massagierger\u00e4ten. Dieses einsph\u00e4rige Massagierger\u00e4t ist perfekt f\u00fcr die Heimanwendung. Sie k\u00f6nnen es mit Pr\u00e4zision an Stellen, die Sie nur mit einem Massagierkopf erreichen k\u00f6nnen, anwenden. Lassen Sie sich nicht durch die kleine Gr\u00f6\u00dfe irref\u00fchren. Dies ist ein leistungsf\u00e4higes Ger\u00e4t von h\u00f6chster Qualit\u00e4t und doch preisg\u00fcnstig.","robots":{"index":"index","follow":"follow","max-snippet":"max-snippet:-1","max-image-preview":"max-image-preview:large","max-video-preview":"max-video-preview:-1"},"canonical":"https:\/\/www.thumpermassager.de\/massagers\/thumper-verve\/","og_locale":"en_US","og_type":"article","og_title":"Thumper Verve - Thumper Massager","og_description":"Die Verve ist das neuste Mitglied in der Thumper\u00ae-Serie von Massagierger\u00e4ten. Dieses einsph\u00e4rige Massagierger\u00e4t ist perfekt f\u00fcr die Heimanwendung. Sie k\u00f6nnen es mit Pr\u00e4zision an Stellen, die Sie nur mit einem Massagierkopf erreichen k\u00f6nnen, anwenden. Lassen Sie sich nicht durch die kleine Gr\u00f6\u00dfe irref\u00fchren. Dies ist ein leistungsf\u00e4higes Ger\u00e4t von h\u00f6chster Qualit\u00e4t und doch preisg\u00fcnstig.","og_url":"https:\/\/www.thumpermassager.de\/massagers\/thumper-verve\/","og_site_name":"Thumper Massager","article_modified_time":"2022-09-07T13:53:36+00:00","twitter_card":"summary_large_image","schema":{"@context":"https:\/\/schema.org","@graph":[{"@type":"WebSite","@id":"https:\/\/www.thumpermassager.de\/#website","url":"https:\/\/www.thumpermassager.de\/","name":"Thumper Massager","description":"Official Thumper Massager Site","potentialAction":[{"@type":"SearchAction","target":{"@type":"EntryPoint","urlTemplate":"https:\/\/www.thumpermassager.de\/?s={search_term_string}"},"query-input":"required name=search_term_string"}],"inLanguage":"en-US"},{"@type":"WebPage","@id":"https:\/\/www.thumpermassager.de\/massagers\/thumper-verve\/#webpage","url":"https:\/\/www.thumpermassager.de\/massagers\/thumper-verve\/","name":"Thumper Verve - Thumper Massager","isPartOf":{"@id":"https:\/\/www.thumpermassager.de\/#website"},"datePublished":"2018-01-29T15:45:02+00:00","dateModified":"2022-09-07T13:53:36+00:00","description":"Die Verve ist das neuste Mitglied in der Thumper\u00ae-Serie von Massagierger\u00e4ten. Dieses einsph\u00e4rige Massagierger\u00e4t ist perfekt f\u00fcr die Heimanwendung. Sie k\u00f6nnen es mit Pr\u00e4zision an Stellen, die Sie nur mit einem Massagierkopf erreichen k\u00f6nnen, anwenden. Lassen Sie sich nicht durch die kleine Gr\u00f6\u00dfe irref\u00fchren. Dies ist ein leistungsf\u00e4higes Ger\u00e4t von h\u00f6chster Qualit\u00e4t und doch preisg\u00fcnstig.","breadcrumb":{"@id":"https:\/\/www.thumpermassager.de\/massagers\/thumper-verve\/#breadcrumb"},"inLanguage":"en-US","potentialAction":[{"@type":"ReadAction","target":["https:\/\/www.thumpermassager.de\/massagers\/thumper-verve\/"]}]},{"@type":"BreadcrumbList","@id":"https:\/\/www.thumpermassager.de\/massagers\/thumper-verve\/#breadcrumb","itemListElement":[{"@type":"ListItem","position":1,"name":"Home","item":"https:\/\/www.thumpermassager.de\/"},{"@type":"ListItem","position":2,"name":"massageger\u00e4te","item":"https:\/\/www.thumpermassager.de\/massagers\/"},{"@type":"ListItem","position":3,"name":"Thumper Verve"}]}]}},"_links":{"self":[{"href":"https:\/\/www.thumpermassager.de\/en\/wp-json\/wp\/v2\/pages\/1973"}],"collection":[{"href":"https:\/\/www.thumpermassager.de\/en\/wp-json\/wp\/v2\/pages"}],"about":[{"href":"https:\/\/www.thumpermassager.de\/en\/wp-json\/wp\/v2\/types\/page"}],"author":[{"embeddable":true,"href":"https:\/\/www.thumpermassager.de\/en\/wp-json\/wp\/v2\/users\/6"}],"replies":[{"embeddable":true,"href":"https:\/\/www.thumpermassager.de\/en\/wp-json\/wp\/v2\/comments?post=1973"}],"version-history":[{"count":6,"href":"https:\/\/www.thumpermassager.de\/en\/wp-json\/wp\/v2\/pages\/1973\/revisions"}],"predecessor-version":[{"id":6410,"href":"https:\/\/www.thumpermassager.de\/en\/wp-json\/wp\/v2\/pages\/1973\/revisions\/6410"}],"up":[{"embeddable":true,"href":"https:\/\/www.thumpermassager.de\/en\/wp-json\/wp\/v2\/pages\/16"}],"wp:attachment":[{"href":"https:\/\/www.thumpermassager.de\/en\/wp-json\/wp\/v2\/media?parent=1973"}],"curies":[{"name":"wp","href":"https:\/\/api.w.org\/{rel}","templated":true}]}}